{"id":845,"date":"2023-09-24T18:38:11","date_gmt":"2023-09-25T00:38:11","guid":{"rendered":"https:\/\/iatekcr.com\/sistema\/?page_id=845"},"modified":"2023-09-24T19:24:49","modified_gmt":"2023-09-25T01:24:49","slug":"formulario-ciencias","status":"publish","type":"page","link":"https:\/\/iatekcr.com\/sistema\/formulario-ciencias\/","title":{"rendered":"Formulario-Practica Ciencias"},"content":{"rendered":"\n<h2>\n\t\tUSO DE MI CUENTA\n\t<\/h2>\n\t<div class=\"mwai-statistics mwai-statistics-usage\"><div class=\"mwai-statistics-bar-container\"><div class=\"mwai-statistics-bar\" style=\"width: 0%;\"><\/div><\/div><div class=\"mwai-statistics-bar-text\">0%<\/div><\/div><style>.mwai-statistics {\n  --mwai-spacing: 15px;\n  --mwai-fontSize: 15px;\n  --mwai-borderRadius: 10px;\n  --mwai-fontColor: #FFFFFF;\n  --mwai-backgroundPrimaryColor: #454654;\n  --mwai-backgroundSecondaryColor: #343541;\n  --mwai-aiAvatarBackgroundColor: #10a37f;\n  --mwai-userAvatarBackgroundColor: #135ea4;\n  --mwai-headerButtonsColor: #FFFFFF;\n}\n\n.mwai-statistics-usage {\n  display: flex;\n}\n\n.mwai-statistics-usage .mwai-statistics-bar-container {\n  flex: auto;\n  background: var(--mwai-backgroundSecondaryColor);\n  border-radius: var(--mwai-borderRadius);\n  padding: 3px;\n  text-align: center;\n  height: 30px;\n}\n\n.mwai-statistics-usage .mwai-statistics-bar-container .mwai-statistics-bar {\n  background: #2c9b80;\n  border-radius: var(--mwai-borderRadius);\n  height: 100%;\n}\n\n.mwai-statistics-usage .mwai-statistics-bar-container .mwai-statistics-bar .mwai-statistics-bar-text {\n  color: var(--mwai-fontColor);\n  font-size: var(--mwai-fontSize);\n}\n\n.mwai-statistics-usage .mwai-statistics-bar-text {\n  display: flex;\n  align-items: center;\n  justify-content: center;\n  padding-left: 10px;\n  color: var(--mwai-fontColor);\n  font-size: var(--mwai-fontSize);\n}\n<\/style>\n<h2>\n\t\tCiencias &#8211; Pr\u00e1ctica\n\t<\/h2>\n\t<p>INSTRUCCIONES<\/p>\n<p>Este formulario te permite practicar temas de Ciencias. Cuando indiques los datos de los par\u00e1metros, generar\u00e1 preguntas de selecci\u00f3n \u00fanica para que estudies. Recuerda discutir tu pr\u00e1ctica con tu docente o tutor.<\/p>\n<p>Tema: Indica el tema principal que vas a estudiar (Por ejemplo: Animales marinos)<\/p>\n<p>Subtema: Aqu\u00ed puedes ampliar el tema al indicar en forma m\u00e1s espec\u00edfica que elementos del tema te interesan. (Por ejemplo: Clasificaci\u00f3n, alimentaci\u00f3n y h\u00e1bitats)<\/p>\n<h2>\n\t\tPar\u00e1metros\n\t<\/h2>\n<h2>\n\t\tResultado\n\t<\/h2>\n[mwai-form-container id=&#8221;vkjgoawif&#8221; theme=&#8221;ChatGPT&#8221;]\n[mwai-form-field id=&#8221;mwai-24swzc0dv&#8221; label=&#8221;Tema&#8221; type=&#8221;input&#8221; name=&#8221;TEMA&#8221; options=&#8221;%5B%5D&#8221; placeholder=&#8221;Tema principal&#8221;]\n[mwai-form-field id=&#8221;mwai-plua97opt&#8221; label=&#8221;Subtema&#8221; type=&#8221;input&#8221; name=&#8221;SUBTEMA&#8221; options=&#8221;%5B%5D&#8221; placeholder=&#8221;Subtema&#8221;]\n[mwai-form-field id=&#8221;mwai-voa0tpb7q&#8221; label=&#8221;Cantidad de preguntas&#8221; type=&#8221;input&#8221; name=&#8221;CANTIDAD_DE_PREGUNTAS&#8221; options=&#8221;%5B%7B%22label%22%3A%221%22%2C%22value%22%3A%22%22%7D%2C%7B%22label%22%3A%222%22%2C%22value%22%3A%22%22%7D%2C%7B%22label%22%3A%223%22%2C%22value%22%3A%22%22%7D%2C%7B%22label%22%3A%224%22%2C%22value%22%3A%22%22%7D%2C%7B%22label%22%3A%225%22%2C%22value%22%3A%22%22%7D%2C%7B%22label%22%3A%226%22%2C%22value%22%3A%22%22%7D%5D&#8221; placeholder=&#8221;M\u00e1ximo 20&#8243;]\n[mwai-form-submit id=&#8221;mwai-okkvcqoyl&#8221; label=&#8221;Crear pr\u00e1ctica&#8221; prompt=&#8221;Eres%20un%20profesor%20experto%20en%20Ciencias%20y%20ense%C3%B1as%20a%20ni%C3%B1os%20de%20primaria%3B%20NUNCA%20debes%20responder%20preguntas%20que%20no%20sean%20de%20Ciencias.%20Sigue%20estas%20instrucciones%3A%0A1-%20Crea%20%7BCANTIDAD_DE_PREGUNTAS%7D%20preguntas%20de%20selecci%C3%B3n%20m%C3%BAltiple%2C%20del%20tema%20%7BTEMA%7D%2C%20dando%20prioridad%20a%20los%20subtemas%3A%20%7BSUBTEMA%7D%20(Cada%20pregunta%20debe%20tener%204%20opciones%20de%20respuesta).%0A2-%20Nunca%20exceder%20las%2020%20preguntas%20creadas.%0A3-Solicita%20al%20usuario%20que%20discuta%20la%20pr%C3%A1ctica%20con%20su%20profesor%20o%20tutor.%0A4-No%20debes%20salir%20de%20tu%20personaje%20de%20profesor%20de%20Ciencias.%0A5-Nunca%20utilizar%20temas%20que%20no%20sean%20apropiados%20para%20un%20ni%C3%B1o.%0A6-%20No%20crear%20preguntas%20si%20el%20tema%20no%20est%C3%A1%20relacionado%20con%20el%20estudio%20de%20las%20Ciencias%0AUse%20Markdown.&#8221; output_element=&#8221;#mwai-fm6uk17cr&#8221; model=&#8221;gpt-3.5-turbo&#8221; temperature=&#8221;0.6&#8243; max_tokens=&#8221;4096&#8243;]\n[mwai-form-output id=&#8221;mwai-fm6uk17cr&#8221; copy_button=&#8221;true&#8221;]\n","protected":false},"excerpt":{"rendered":"<p>USO DE MI CUENTA Ciencias &#8211; Pr\u00e1ctica INSTRUCCIONES Este formulario te permite practicar temas de Ciencias. Cuando indiques los datos de los par\u00e1metros, generar\u00e1 preguntas de selecci\u00f3n \u00fanica para que estudies. Recuerda discutir tu pr\u00e1ctica con tu docente o tutor. Tema: Indica el tema principal que vas a estudiar (Por ejemplo: Animales marinos) Subtema: Aqu\u00ed &#8230; <a title=\"Formulario-Practica Ciencias\" class=\"read-more\" href=\"https:\/\/iatekcr.com\/sistema\/formulario-ciencias\/\" aria-label=\"M\u00e1s en Formulario-Practica Ciencias\">Leer m\u00e1s<\/a><\/p>\n","protected":false},"author":1,"featured_media":0,"parent":0,"menu_order":0,"comment_status":"closed","ping_status":"closed","template":"","meta":{"footnotes":""},"_links":{"self":[{"href":"https:\/\/iatekcr.com\/sistema\/wp-json\/wp\/v2\/pages\/845"}],"collection":[{"href":"https:\/\/iatekcr.com\/sistema\/wp-json\/wp\/v2\/pages"}],"about":[{"href":"https:\/\/iatekcr.com\/sistema\/wp-json\/wp\/v2\/types\/page"}],"author":[{"embeddable":true,"href":"https:\/\/iatekcr.com\/sistema\/wp-json\/wp\/v2\/users\/1"}],"replies":[{"embeddable":true,"href":"https:\/\/iatekcr.com\/sistema\/wp-json\/wp\/v2\/comments?post=845"}],"version-history":[{"count":4,"href":"https:\/\/iatekcr.com\/sistema\/wp-json\/wp\/v2\/pages\/845\/revisions"}],"predecessor-version":[{"id":867,"href":"https:\/\/iatekcr.com\/sistema\/wp-json\/wp\/v2\/pages\/845\/revisions\/867"}],"wp:attachment":[{"href":"https:\/\/iatekcr.com\/sistema\/wp-json\/wp\/v2\/media?parent=845"}],"curies":[{"name":"wp","href":"https:\/\/api.w.org\/{rel}","templated":true}]}}