{"id":1668,"date":"2023-10-21T21:43:47","date_gmt":"2023-10-22T03:43:47","guid":{"rendered":"https:\/\/iatekcr.com\/sistema\/?page_id=1668"},"modified":"2023-10-21T21:55:54","modified_gmt":"2023-10-22T03:55:54","slug":"formulario-crearminuta","status":"publish","type":"page","link":"https:\/\/iatekcr.com\/sistema\/formulario-crearminuta\/","title":{"rendered":"Formulario-Crear Minuta"},"content":{"rendered":"\n<h2>\n\t\tFormulario-Minuta de clase\n\t<\/h2>\n<h2>\n\t\tUSO DE MI CUENTA\n\t<\/h2>\n\t<div class=\"mwai-statistics mwai-statistics-usage\"><div class=\"mwai-statistics-bar-container\"><div class=\"mwai-statistics-bar\" style=\"width: 0%;\"><\/div><\/div><div class=\"mwai-statistics-bar-text\">0%<\/div><\/div><style>.mwai-statistics {\n  --mwai-spacing: 15px;\n  --mwai-fontSize: 15px;\n  --mwai-borderRadius: 10px;\n  --mwai-fontColor: #FFFFFF;\n  --mwai-backgroundPrimaryColor: #454654;\n  --mwai-backgroundSecondaryColor: #343541;\n  --mwai-aiAvatarBackgroundColor: #10a37f;\n  --mwai-userAvatarBackgroundColor: #135ea4;\n  --mwai-headerButtonsColor: #FFFFFF;\n}\n\n.mwai-statistics-usage {\n  display: flex;\n}\n\n.mwai-statistics-usage .mwai-statistics-bar-container {\n  flex: auto;\n  background: var(--mwai-backgroundSecondaryColor);\n  border-radius: var(--mwai-borderRadius);\n  padding: 3px;\n  text-align: center;\n  height: 30px;\n}\n\n.mwai-statistics-usage .mwai-statistics-bar-container .mwai-statistics-bar {\n  background: #2c9b80;\n  border-radius: var(--mwai-borderRadius);\n  height: 100%;\n}\n\n.mwai-statistics-usage .mwai-statistics-bar-container .mwai-statistics-bar .mwai-statistics-bar-text {\n  color: var(--mwai-fontColor);\n  font-size: var(--mwai-fontSize);\n}\n\n.mwai-statistics-usage .mwai-statistics-bar-text {\n  display: flex;\n  align-items: center;\n  justify-content: center;\n  padding-left: 10px;\n  color: var(--mwai-fontColor);\n  font-size: var(--mwai-fontSize);\n}\n<\/style>\n<h2>\n\t\tInstrucciones\n\t<\/h2>\n\t<p>Este formulario, tiene la intenci\u00f3n de sugerir los elementos que generalmente se utilizan en la confecci\u00f3n de una minuta de clase<\/p>\n<p>Completa los datos requeridos en los par\u00e1metros:<\/p>\n<ul>\n<li>Tema: Indica el tema principal sobre el cual se sugerir\u00e1 el modelo de minuta<\/li>\n<li>Aspectos: Son los aspectos relativos al tema que deben considerarse en el dise\u00f1o de la minuta<\/li>\n<li>Nivel: Indicar el nivel de los estudiantes (Primaria, Secundaria, Tercer grado, etc)<\/li>\n<\/ul>\n<p>Ejemplo:<\/p>\n<ul>\n<li>Nivel: Secundaria<\/li>\n<li>Tema: La guerra fr\u00eda<\/li>\n<li>Aspectos: Origen, Actores, Eventos importantes<\/li>\n<\/ul>\n<h2>\n\t\tPar\u00e1metros\n\t<\/h2>\n<h2>\n\t\tResultado\n\t<\/h2>\n[mwai-form-container id=&#8221;0huv13w8v&#8221; theme=&#8221;ChatGPT&#8221;]\n[mwai-form-field id=&#8221;mwai-xji98r1gr&#8221; label=&#8221;Tema&#8221; type=&#8221;input&#8221; name=&#8221;TEMA&#8221; options=&#8221;%5B%5D&#8221; placeholder=&#8221;Tema principal&#8221; required=&#8221;true&#8221;]\n[mwai-form-field id=&#8221;mwai-u9ah1zxkl&#8221; label=&#8221;Aspectos&#8221; type=&#8221;input&#8221; name=&#8221;ASPECTOS&#8221; options=&#8221;%5B%5D&#8221; placeholder=&#8221;Elementos relativos al tema&#8221; required=&#8221;true&#8221;]\n[mwai-form-field id=&#8221;mwai-fn0destex&#8221; label=&#8221;Nivel&#8221; type=&#8221;input&#8221; name=&#8221;NIVEL&#8221; options=&#8221;%5B%5D&#8221; placeholder=&#8221;Primaria, Secundaria&#8221; required=&#8221;true&#8221;]\n[mwai-form-submit id=&#8221;mwai-8dlwk1shf&#8221; label=&#8221;Generar&#8221; prompt=&#8221;Crear%20el%20contenido%20para%20registrar%20un%20plan%20diario%20del%20docente%20tomando%20en%20cuenta%20estas%20instrucciones%3A%0ATema%3A%20%7BTEMA%7D%0AAspectos%20relativos%20al%20tema%3A%20%7BASPECTOS%7D%0ANivel%20de%20los%20estudiantes%3A%20%7BNIVEL%7D%0ACrear%201%20objetivo%20general%20de%20la%20lecci%C3%B3n%20seg%C3%BAn%20el%20Tema%2C%20aspectos%20y%20nivel%20del%20grupo%20de%20estudiantes.%20%0ACrear%203%20actividades%20para%20desarrollar%20el%20Tema%20y%20Aspectos%2C%20tomando%20en%20cuenta%20el%20Nivel%20de%20los%20estudiantes.%0ACrear%203%20objetivos%20espec%C3%ADficos%20sobre%20el%20Tema%20y%20Aspectos%20que%20el%20docente%20puede%20tomar%20en%20cuenta%20al%20impartir%20la%20lecci%C3%B3n%20%0ACrear%203%20indicadores%20que%20se%20usen%20para%20evaluar%20el%20dominio%20del%20Tema%20y%20los%20Aspectos%20por%20parte%20del%20estudiante.%0ACrear%20una%20lista%20de%20sugerencias%20sobre%20los%20recursos%20que%20se%20pueden%20utilizar%20para%20impartir%20la%20clase%20tomando%20en%20cuenta%20el%20Tema%20y%20los%20Aspectos%2C%20en%20el%20contexto%20del%20Nivel%20de%20los%20estudiantes.%20%0AUtilizar%20MARKDOWN%20para%20dar%20formato%20al%20texto.&#8221; output_element=&#8221;#mwai-dw40sr69x&#8221; model=&#8221;&#8221; temperature=&#8221;0.6&#8243; max_tokens=&#8221;4096&#8243;]\n[mwai-form-output id=&#8221;mwai-dw40sr69x&#8221; copy_button=&#8221;true&#8221;]\n\n","protected":false},"excerpt":{"rendered":"<p>Formulario-Minuta de clase USO DE MI CUENTA Instrucciones Este formulario, tiene la intenci\u00f3n de sugerir los elementos que generalmente se utilizan en la confecci\u00f3n de una minuta de clase Completa los datos requeridos en los par\u00e1metros: Tema: Indica el tema principal sobre el cual se sugerir\u00e1 el modelo de minuta Aspectos: Son los aspectos relativos &#8230; <a title=\"Formulario-Crear Minuta\" class=\"read-more\" href=\"https:\/\/iatekcr.com\/sistema\/formulario-crearminuta\/\" aria-label=\"M\u00e1s en Formulario-Crear Minuta\">Leer m\u00e1s<\/a><\/p>\n","protected":false},"author":1,"featured_media":0,"parent":0,"menu_order":0,"comment_status":"closed","ping_status":"closed","template":"","meta":{"footnotes":""},"_links":{"self":[{"href":"https:\/\/iatekcr.com\/sistema\/wp-json\/wp\/v2\/pages\/1668"}],"collection":[{"href":"https:\/\/iatekcr.com\/sistema\/wp-json\/wp\/v2\/pages"}],"about":[{"href":"https:\/\/iatekcr.com\/sistema\/wp-json\/wp\/v2\/types\/page"}],"author":[{"embeddable":true,"href":"https:\/\/iatekcr.com\/sistema\/wp-json\/wp\/v2\/users\/1"}],"replies":[{"embeddable":true,"href":"https:\/\/iatekcr.com\/sistema\/wp-json\/wp\/v2\/comments?post=1668"}],"version-history":[{"count":3,"href":"https:\/\/iatekcr.com\/sistema\/wp-json\/wp\/v2\/pages\/1668\/revisions"}],"predecessor-version":[{"id":1672,"href":"https:\/\/iatekcr.com\/sistema\/wp-json\/wp\/v2\/pages\/1668\/revisions\/1672"}],"wp:attachment":[{"href":"https:\/\/iatekcr.com\/sistema\/wp-json\/wp\/v2\/media?parent=1668"}],"curies":[{"name":"wp","href":"https:\/\/api.w.org\/{rel}","templated":true}]}}