{"id":164,"date":"2023-09-10T16:23:34","date_gmt":"2023-09-10T22:23:34","guid":{"rendered":"https:\/\/iatekcr.com\/sistema\/?page_id=164"},"modified":"2023-10-08T19:00:30","modified_gmt":"2023-10-09T01:00:30","slug":"cervanto-espanol","status":"publish","type":"page","link":"https:\/\/iatekcr.com\/sistema\/cervanto-espanol\/","title":{"rendered":"Cervanto(Espa\u00f1ol)"},"content":{"rendered":"\n<h2>\n\t\tCervanto &#8211; Espa\u00f1ol\n\t<\/h2>\n\t\t\t\t<img loading=\"lazy\" decoding=\"async\" src=\"https:\/\/iatekcr.com\/sistema\/wp-content\/uploads\/2023\/10\/Cervanto2.webp\" alt=\"Cervanto2\" itemprop=\"image\" height=\"1011\" width=\"1031\" title=\"Cervanto2\" onerror=\"this.style.display='none'\"  \/>\n\t<p>Este es Cervanto, tu ayudante en Espa\u00f1ol, te ayudar\u00e1 en lo que necesites. Para iniciar la conversaci\u00f3n, solo escribe Ok. Si deseas borrar toda la conversaci\u00f3n, haz clic en el bot\u00f3n Borrar.<\/p>\n<p>Procura ser detallado en lo que solicitas, para obtener los mejores resultados<\/p>\n\t<div class='mwai-chatbot-container' data-params='{&quot;aiName&quot;:&quot;https:\\\/\\\/iatekcr.com\\\/sistema\\\/wp-content\\\/uploads\\\/2023\\\/10\\\/Cervanto2.webp&quot;,&quot;userName&quot;:&quot;Tu:&quot;,&quot;guestName&quot;:&quot;Guest:&quot;,&quot;textSend&quot;:&quot;Enviar&quot;,&quot;textClear&quot;:&quot;Borrar&quot;,&quot;textInputPlaceholder&quot;:&quot;Escribe tu mensaje....&quot;,&quot;textInputMaxLength&quot;:300,&quot;textCompliance&quot;:&quot;&quot;,&quot;startSentence&quot;:&quot;Hola, soy Cervanto y estoy aqu\\u00ed para ayudarte con la materia de Espa\\u00f1ol. Escribe Ok cuando quieras comenzar.&quot;,&quot;localMemory&quot;:1,&quot;themeId&quot;:&quot;chatgpt&quot;,&quot;window&quot;:&quot;&quot;,&quot;icon&quot;:&quot;&quot;,&quot;iconText&quot;:&quot;&quot;,&quot;iconAlt&quot;:&quot;AI Chatbot Avatar&quot;,&quot;iconPosition&quot;:&quot;bottom-right&quot;,&quot;fullscreen&quot;:&quot;&quot;,&quot;copyButton&quot;:&quot;&quot;}' data-system='{&quot;botId&quot;:&quot;chatbot-gpees4&quot;,&quot;customId&quot;:null,&quot;userData&quot;:null,&quot;sessionId&quot;:&quot;N\\\/A&quot;,&quot;restNonce&quot;:&quot;0962b1f0ab&quot;,&quot;contextId&quot;:164,&quot;pluginUrl&quot;:&quot;https:\\\/\\\/iatekcr.com\\\/sistema\\\/wp-content\\\/plugins\\\/ai-engine-pro\\\/&quot;,&quot;restUrl&quot;:&quot;https:\\\/\\\/iatekcr.com\\\/sistema\\\/wp-json&quot;,&quot;debugMode&quot;:true,&quot;typewriter&quot;:false,&quot;speech_recognition&quot;:false,&quot;speech_synthesis&quot;:false,&quot;stream&quot;:false}' data-theme='{&quot;type&quot;:&quot;internal&quot;,&quot;name&quot;:&quot;ChatGPT&quot;,&quot;themeId&quot;:&quot;chatgpt&quot;,&quot;settings&quot;:{&quot;backgroundPrimaryColor&quot;:&quot;#d5fffb&quot;,&quot;backgroundSecondaryColor&quot;:&quot;#00ef37&quot;,&quot;iconTextBackgroundColor&quot;:&quot;#fbff8f&quot;,&quot;backgroundHeaderColor&quot;:&quot;#f7fc9f&quot;,&quot;fontSize&quot;:&quot;19px&quot;,&quot;fontColor&quot;:&quot;#000000&quot;,&quot;width&quot;:&quot;600px&quot;,&quot;maxHeight&quot;:&quot;800px&quot;,&quot;headerButtonsColor&quot;:&quot;#f60202&quot;,&quot;iconTextColor&quot;:&quot;#010076&quot;,&quot;borderRadius&quot;:&quot;15px&quot;},&quot;style&quot;:&quot;&quot;}'><\/div>\n<h2>\n\t\tUso de mi cuenta\n\t<\/h2>\n\t<div class=\"mwai-statistics mwai-statistics-usage\"><div class=\"mwai-statistics-bar-container\"><div class=\"mwai-statistics-bar\" style=\"width: 0%;\"><\/div><\/div><div class=\"mwai-statistics-bar-text\">0%<\/div><\/div><style>.mwai-statistics {\n  --mwai-spacing: 15px;\n  --mwai-fontSize: 15px;\n  --mwai-borderRadius: 10px;\n  --mwai-fontColor: #FFFFFF;\n  --mwai-backgroundPrimaryColor: #454654;\n  --mwai-backgroundSecondaryColor: #343541;\n  --mwai-aiAvatarBackgroundColor: #10a37f;\n  --mwai-userAvatarBackgroundColor: #135ea4;\n  --mwai-headerButtonsColor: #FFFFFF;\n}\n\n.mwai-statistics-usage {\n  display: flex;\n}\n\n.mwai-statistics-usage .mwai-statistics-bar-container {\n  flex: auto;\n  background: var(--mwai-backgroundSecondaryColor);\n  border-radius: var(--mwai-borderRadius);\n  padding: 3px;\n  text-align: center;\n  height: 30px;\n}\n\n.mwai-statistics-usage .mwai-statistics-bar-container .mwai-statistics-bar {\n  background: #2c9b80;\n  border-radius: var(--mwai-borderRadius);\n  height: 100%;\n}\n\n.mwai-statistics-usage .mwai-statistics-bar-container .mwai-statistics-bar .mwai-statistics-bar-text {\n  color: var(--mwai-fontColor);\n  font-size: var(--mwai-fontSize);\n}\n\n.mwai-statistics-usage .mwai-statistics-bar-text {\n  display: flex;\n  align-items: center;\n  justify-content: center;\n  padding-left: 10px;\n  color: var(--mwai-fontColor);\n  font-size: var(--mwai-fontSize);\n}\n<\/style>\n\t<div class=\"mwai-statistics mwai-statistics-debug\"><div>IP Address: 216.73.216.58<\/div><div>Queries: 0<\/div><div>Usage: 0% <span class=\"mwai-ok\">(OK)<\/span><\/div><\/div>\n\t\t\t\t<a href=\"https:\/\/iatekcr.com\/sistema\/wp-content\/uploads\/2023\/09\/Sugerencias-para-conversar-con-los-tutores-virtuales.webp\" target=\"_self\" itemprop=\"url\" rel=\"noopener\">\n\t\t\t\t<img loading=\"lazy\" decoding=\"async\" src=\"https:\/\/iatekcr.com\/sistema\/wp-content\/uploads\/2023\/09\/Sugerencias-para-conversar-con-los-tutores-virtuales.webp\" alt=\"Sugerencias para conversar con los tutores virtuales\" itemprop=\"image\" height=\"1200\" width=\"1200\" title=\"Sugerencias para conversar con los tutores virtuales\" onerror=\"this.style.display='none'\"  \/>\n\t\t\t\t<\/a>\n\n","protected":false},"excerpt":{"rendered":"<p>Cervanto &#8211; Espa\u00f1ol Este es Cervanto, tu ayudante en Espa\u00f1ol, te ayudar\u00e1 en lo que necesites. Para iniciar la conversaci\u00f3n, solo escribe Ok. Si deseas borrar toda la conversaci\u00f3n, haz clic en el bot\u00f3n Borrar. Procura ser detallado en lo que solicitas, para obtener los mejores resultados Uso de mi cuenta<\/p>\n","protected":false},"author":1,"featured_media":0,"parent":0,"menu_order":0,"comment_status":"closed","ping_status":"closed","template":"","meta":{"footnotes":""},"_links":{"self":[{"href":"https:\/\/iatekcr.com\/sistema\/wp-json\/wp\/v2\/pages\/164"}],"collection":[{"href":"https:\/\/iatekcr.com\/sistema\/wp-json\/wp\/v2\/pages"}],"about":[{"href":"https:\/\/iatekcr.com\/sistema\/wp-json\/wp\/v2\/types\/page"}],"author":[{"embeddable":true,"href":"https:\/\/iatekcr.com\/sistema\/wp-json\/wp\/v2\/users\/1"}],"replies":[{"embeddable":true,"href":"https:\/\/iatekcr.com\/sistema\/wp-json\/wp\/v2\/comments?post=164"}],"version-history":[{"count":7,"href":"https:\/\/iatekcr.com\/sistema\/wp-json\/wp\/v2\/pages\/164\/revisions"}],"predecessor-version":[{"id":1124,"href":"https:\/\/iatekcr.com\/sistema\/wp-json\/wp\/v2\/pages\/164\/revisions\/1124"}],"wp:attachment":[{"href":"https:\/\/iatekcr.com\/sistema\/wp-json\/wp\/v2\/media?parent=164"}],"curies":[{"name":"wp","href":"https:\/\/api.w.org\/{rel}","templated":true}]}}